{"id":168,"date":"2018-07-05T16:52:18","date_gmt":"2018-07-05T14:52:18","guid":{"rendered":"http:\/\/meetings.ipk-gatersleben.de\/grc2019-abc\/?page_id=168"},"modified":"2018-10-24T09:11:59","modified_gmt":"2018-10-24T07:11:59","slug":"speakers-bjoern-gruening","status":"publish","type":"page","link":"https:\/\/meetings.ipk-gatersleben.de\/grc2019-abc\/invited_speakers\/speakers-bjoern-gruening\/","title":{"rendered":"Speakers \/\/ Bj\u00f6rn Gr\u00fcning"},"content":{"rendered":"<table id=\"speaker_table\">\n<tr>\n<td>\n<img loading=\"lazy\" decoding=\"async\" class=\"speaker_img alignnone size-full wp-image-127\" src=\"https:\/\/meetings.ipk-gatersleben.de\/grc2019-abc\/wp-content\/uploads\/2018\/07\/Bj\u00f6rn_Gr\u00fcning_square.jpg\" alt=\"Bj\u00f6rn Gr\u00fcning\" width=\"300\" height=\"300\" srcset=\"https:\/\/meetings.ipk-gatersleben.de\/grc2019-abc\/wp-content\/uploads\/2018\/07\/Bj\u00f6rn_Gr\u00fcning_square.jpg 300w, https:\/\/meetings.ipk-gatersleben.de\/grc2019-abc\/wp-content\/uploads\/2018\/07\/Bj\u00f6rn_Gr\u00fcning_square-150x150.jpg 150w, https:\/\/meetings.ipk-gatersleben.de\/grc2019-abc\/wp-content\/uploads\/2018\/07\/Bj\u00f6rn_Gr\u00fcning_square-200x200.jpg 200w\" sizes=\"auto, (max-width: 300px) 100vw, 300px\" \/>\n<\/td>\n<\/tr>\n<tr>\n<td>\n<p class=\"speaker_name\">Bj\u00f6rn Gr\u00fcning<a href=\"https:\/\/orcid.org\/0000-0002-3079-6586\"><span class=\"orcid\"><\/span><\/a><\/p>\n<p class=\"speaker_loc\">Bioinformatics, University Freiburg, Germany<\/p>\n<p class=\"speaker_tweeter\"><span class=\"bird\"><\/span><a href=\"https:\/\/twitter.com\/bjoerngruening\" target=\"_blank\" rel=\"noopener\"> @bjoerngruening<\/a><\/p>\n<\/td>\n<\/tr>\n<\/table>\n<div>\nBj\u00f6rn Gr\u00fcning currently works at the Inst. of Computer Science, University of Freiburg and is leading the Freiburg Galaxy team.<br \/>\n<br \/>\nGalaxy is an open source, web-based platform for data intensive biomedical research. It makes computational bioinformatics applications accessible to users lacking programming experience by enabling them to easily specify parameters for running tools and workflows. Galaxy provides access to a powerful analysis infrastructure through the web and allows for reproducible and transparent data analysis.<br \/>\n<br \/>\nThe Freiburg Galaxy Team offers a framework for scientists on e.g. NGS data analyses (RNA-seq, ChIP-seq, Exome-seq, MethylC-seq), genome annotation analyses for eukaryotic and prokaryotic organisms (from gene prediction to functional description), Proteomics and Metabolomics analysis, and the ChemicalToolBoX for analysis of small compounds. Furthermore, Galaxy has a huge variety of data visualization tools. Galaxy contains more than 800 different single analysis tools and ready-to-use pipelines for different applications. After registration, all tools and the infrastructure for data analysis are freely available and can be used for the creation of your own workflows for your specific projects.<\/p>\n<\/div>\n<p>\n<a class=\"return\" href=\"https:\/\/meetings.ipk-gatersleben.de\/grc2019-abc\/invited_speakers\/\">Go Back to Speakers<\/a><\/p>\n","protected":false},"excerpt":{"rendered":"<p>Bj\u00f6rn Gr\u00fcning Bioinformatics, University Freiburg, Germany @bjoerngruening Bj\u00f6rn Gr\u00fcning currently works at the Inst. of Computer Science, University of Freiburg and is leading the Freiburg Galaxy team. Galaxy is an open source, web-based platform for data intensive biomedical research. It makes computational bioinformatics applications accessible to users lacking programming experience by enabling them to easily <a class=\"more-link\" href=\"https:\/\/meetings.ipk-gatersleben.de\/grc2019-abc\/invited_speakers\/speakers-bjoern-gruening\/\">weiterlesen&#8230;<\/a><\/p>\n","protected":false},"author":5,"featured_media":0,"parent":20,"menu_order":0,"comment_status":"closed","ping_status":"closed","template":"","meta":{"ngg_post_thumbnail":0,"footnotes":""},"class_list":["post-168","page","type-page","status-publish","hentry"],"yoast_head":"<!-- This site is optimized with the Yoast SEO plugin v27.4 - https:\/\/yoast.com\/product\/yoast-seo-wordpress\/ -->\n<title>Speakers \/\/ Bj\u00f6rn Gr\u00fcning - 15. Gatersleben Research Conference: Applied Bioinformatics for Crops<\/title>\n<meta name=\"robots\" content=\"index, follow, max-snippet:-1, max-image-preview:large, max-video-preview:-1\" \/>\n<link rel=\"canonical\" href=\"https:\/\/meetings.ipk-gatersleben.de\/grc2019-abc\/invited_speakers\/speakers-bjoern-gruening\/\" \/>\n<meta property=\"og:locale\" content=\"de_DE\" \/>\n<meta property=\"og:type\" content=\"article\" \/>\n<meta property=\"og:title\" content=\"Speakers \/\/ Bj\u00f6rn Gr\u00fcning - 15. Gatersleben Research Conference: Applied Bioinformatics for Crops\" \/>\n<meta property=\"og:description\" content=\"Bj\u00f6rn Gr\u00fcning Bioinformatics, University Freiburg, Germany @bjoerngruening Bj\u00f6rn Gr\u00fcning currently works at the Inst. of Computer Science, University of Freiburg and is leading the Freiburg Galaxy team. Galaxy is an open source, web-based platform for data intensive biomedical research. It makes computational bioinformatics applications accessible to users lacking programming experience by enabling them to easily weiterlesen...\" \/>\n<meta property=\"og:url\" content=\"https:\/\/meetings.ipk-gatersleben.de\/grc2019-abc\/invited_speakers\/speakers-bjoern-gruening\/\" \/>\n<meta property=\"og:site_name\" content=\"15. Gatersleben Research Conference: Applied Bioinformatics for Crops\" \/>\n<meta property=\"article:modified_time\" content=\"2018-10-24T07:11:59+00:00\" \/>\n<meta name=\"twitter:card\" content=\"summary_large_image\" \/>\n<meta name=\"twitter:site\" content=\"@GRC2019\" \/>\n<meta name=\"twitter:label1\" content=\"Gesch\u00e4tzte Lesezeit\" \/>\n\t<meta name=\"twitter:data1\" content=\"1\u00a0Minute\" \/>\n<script type=\"application\/ld+json\" class=\"yoast-schema-graph\">{\"@context\":\"https:\\\/\\\/schema.org\",\"@graph\":[{\"@type\":\"WebPage\",\"@id\":\"https:\\\/\\\/meetings.ipk-gatersleben.de\\\/grc2019-abc\\\/invited_speakers\\\/speakers-bjoern-gruening\\\/\",\"url\":\"https:\\\/\\\/meetings.ipk-gatersleben.de\\\/grc2019-abc\\\/invited_speakers\\\/speakers-bjoern-gruening\\\/\",\"name\":\"Speakers \\\/\\\/ Bj\u00f6rn Gr\u00fcning - 15. Gatersleben Research Conference: Applied Bioinformatics for Crops\",\"isPartOf\":{\"@id\":\"https:\\\/\\\/meetings.ipk-gatersleben.de\\\/grc2019-abc\\\/#website\"},\"datePublished\":\"2018-07-05T14:52:18+00:00\",\"dateModified\":\"2018-10-24T07:11:59+00:00\",\"breadcrumb\":{\"@id\":\"https:\\\/\\\/meetings.ipk-gatersleben.de\\\/grc2019-abc\\\/invited_speakers\\\/speakers-bjoern-gruening\\\/#breadcrumb\"},\"inLanguage\":\"de\",\"potentialAction\":[{\"@type\":\"ReadAction\",\"target\":[\"https:\\\/\\\/meetings.ipk-gatersleben.de\\\/grc2019-abc\\\/invited_speakers\\\/speakers-bjoern-gruening\\\/\"]}]},{\"@type\":\"BreadcrumbList\",\"@id\":\"https:\\\/\\\/meetings.ipk-gatersleben.de\\\/grc2019-abc\\\/invited_speakers\\\/speakers-bjoern-gruening\\\/#breadcrumb\",\"itemListElement\":[{\"@type\":\"ListItem\",\"position\":1,\"name\":\"Startseite\",\"item\":\"https:\\\/\\\/meetings.ipk-gatersleben.de\\\/grc2019-abc\\\/\"},{\"@type\":\"ListItem\",\"position\":2,\"name\":\"Keynote Speakers\",\"item\":\"https:\\\/\\\/meetings.ipk-gatersleben.de\\\/grc2019-abc\\\/invited_speakers\\\/\"},{\"@type\":\"ListItem\",\"position\":3,\"name\":\"Speakers \\\/\\\/ Bj\u00f6rn Gr\u00fcning\"}]},{\"@type\":\"WebSite\",\"@id\":\"https:\\\/\\\/meetings.ipk-gatersleben.de\\\/grc2019-abc\\\/#website\",\"url\":\"https:\\\/\\\/meetings.ipk-gatersleben.de\\\/grc2019-abc\\\/\",\"name\":\"15. Gatersleben Research Conference: Applied Bioinformatics for Crops\",\"description\":\"March 18 -20, 2019 in Gatersleben, Germany\",\"potentialAction\":[{\"@type\":\"SearchAction\",\"target\":{\"@type\":\"EntryPoint\",\"urlTemplate\":\"https:\\\/\\\/meetings.ipk-gatersleben.de\\\/grc2019-abc\\\/?s={search_term_string}\"},\"query-input\":{\"@type\":\"PropertyValueSpecification\",\"valueRequired\":true,\"valueName\":\"search_term_string\"}}],\"inLanguage\":\"de\"}]}<\/script>\n<!-- \/ Yoast SEO plugin. -->","yoast_head_json":{"title":"Speakers \/\/ Bj\u00f6rn Gr\u00fcning - 15. Gatersleben Research Conference: Applied Bioinformatics for Crops","robots":{"index":"index","follow":"follow","max-snippet":"max-snippet:-1","max-image-preview":"max-image-preview:large","max-video-preview":"max-video-preview:-1"},"canonical":"https:\/\/meetings.ipk-gatersleben.de\/grc2019-abc\/invited_speakers\/speakers-bjoern-gruening\/","og_locale":"de_DE","og_type":"article","og_title":"Speakers \/\/ Bj\u00f6rn Gr\u00fcning - 15. Gatersleben Research Conference: Applied Bioinformatics for Crops","og_description":"Bj\u00f6rn Gr\u00fcning Bioinformatics, University Freiburg, Germany @bjoerngruening Bj\u00f6rn Gr\u00fcning currently works at the Inst. of Computer Science, University of Freiburg and is leading the Freiburg Galaxy team. Galaxy is an open source, web-based platform for data intensive biomedical research. It makes computational bioinformatics applications accessible to users lacking programming experience by enabling them to easily weiterlesen...","og_url":"https:\/\/meetings.ipk-gatersleben.de\/grc2019-abc\/invited_speakers\/speakers-bjoern-gruening\/","og_site_name":"15. Gatersleben Research Conference: Applied Bioinformatics for Crops","article_modified_time":"2018-10-24T07:11:59+00:00","twitter_card":"summary_large_image","twitter_site":"@GRC2019","twitter_misc":{"Gesch\u00e4tzte Lesezeit":"1\u00a0Minute"},"schema":{"@context":"https:\/\/schema.org","@graph":[{"@type":"WebPage","@id":"https:\/\/meetings.ipk-gatersleben.de\/grc2019-abc\/invited_speakers\/speakers-bjoern-gruening\/","url":"https:\/\/meetings.ipk-gatersleben.de\/grc2019-abc\/invited_speakers\/speakers-bjoern-gruening\/","name":"Speakers \/\/ Bj\u00f6rn Gr\u00fcning - 15. Gatersleben Research Conference: Applied Bioinformatics for Crops","isPartOf":{"@id":"https:\/\/meetings.ipk-gatersleben.de\/grc2019-abc\/#website"},"datePublished":"2018-07-05T14:52:18+00:00","dateModified":"2018-10-24T07:11:59+00:00","breadcrumb":{"@id":"https:\/\/meetings.ipk-gatersleben.de\/grc2019-abc\/invited_speakers\/speakers-bjoern-gruening\/#breadcrumb"},"inLanguage":"de","potentialAction":[{"@type":"ReadAction","target":["https:\/\/meetings.ipk-gatersleben.de\/grc2019-abc\/invited_speakers\/speakers-bjoern-gruening\/"]}]},{"@type":"BreadcrumbList","@id":"https:\/\/meetings.ipk-gatersleben.de\/grc2019-abc\/invited_speakers\/speakers-bjoern-gruening\/#breadcrumb","itemListElement":[{"@type":"ListItem","position":1,"name":"Startseite","item":"https:\/\/meetings.ipk-gatersleben.de\/grc2019-abc\/"},{"@type":"ListItem","position":2,"name":"Keynote Speakers","item":"https:\/\/meetings.ipk-gatersleben.de\/grc2019-abc\/invited_speakers\/"},{"@type":"ListItem","position":3,"name":"Speakers \/\/ Bj\u00f6rn Gr\u00fcning"}]},{"@type":"WebSite","@id":"https:\/\/meetings.ipk-gatersleben.de\/grc2019-abc\/#website","url":"https:\/\/meetings.ipk-gatersleben.de\/grc2019-abc\/","name":"15. Gatersleben Research Conference: Applied Bioinformatics for Crops","description":"March 18 -20, 2019 in Gatersleben, Germany","potentialAction":[{"@type":"SearchAction","target":{"@type":"EntryPoint","urlTemplate":"https:\/\/meetings.ipk-gatersleben.de\/grc2019-abc\/?s={search_term_string}"},"query-input":{"@type":"PropertyValueSpecification","valueRequired":true,"valueName":"search_term_string"}}],"inLanguage":"de"}]}},"_links":{"self":[{"href":"https:\/\/meetings.ipk-gatersleben.de\/grc2019-abc\/wp-json\/wp\/v2\/pages\/168","targetHints":{"allow":["GET"]}}],"collection":[{"href":"https:\/\/meetings.ipk-gatersleben.de\/grc2019-abc\/wp-json\/wp\/v2\/pages"}],"about":[{"href":"https:\/\/meetings.ipk-gatersleben.de\/grc2019-abc\/wp-json\/wp\/v2\/types\/page"}],"author":[{"embeddable":true,"href":"https:\/\/meetings.ipk-gatersleben.de\/grc2019-abc\/wp-json\/wp\/v2\/users\/5"}],"replies":[{"embeddable":true,"href":"https:\/\/meetings.ipk-gatersleben.de\/grc2019-abc\/wp-json\/wp\/v2\/comments?post=168"}],"version-history":[{"count":7,"href":"https:\/\/meetings.ipk-gatersleben.de\/grc2019-abc\/wp-json\/wp\/v2\/pages\/168\/revisions"}],"predecessor-version":[{"id":519,"href":"https:\/\/meetings.ipk-gatersleben.de\/grc2019-abc\/wp-json\/wp\/v2\/pages\/168\/revisions\/519"}],"up":[{"embeddable":true,"href":"https:\/\/meetings.ipk-gatersleben.de\/grc2019-abc\/wp-json\/wp\/v2\/pages\/20"}],"wp:attachment":[{"href":"https:\/\/meetings.ipk-gatersleben.de\/grc2019-abc\/wp-json\/wp\/v2\/media?parent=168"}],"curies":[{"name":"wp","href":"https:\/\/api.w.org\/{rel}","templated":true}]}}